{"id":2108,"date":"2022-07-29T14:19:29","date_gmt":"2022-07-29T14:19:29","guid":{"rendered":"https:\/\/marazulplayalanzarote.com\/en\/?page_id=2108"},"modified":"2022-07-29T14:19:43","modified_gmt":"2022-07-29T14:19:43","slug":"transparency","status":"publish","type":"page","link":"https:\/\/marazulplayalanzarote.com\/en\/transparency\/","title":{"rendered":"Transparency"},"content":{"rendered":"\t\t<div data-elementor-type=\"wp-page\" data-elementor-id=\"2108\" class=\"elementor elementor-2108\" data-elementor-post-type=\"page\">\n\t\t\t\t\t\t<section class=\"elementor-section elementor-top-section elementor-element elementor-element-a9deafe elementor-section-boxed elementor-section-height-default elementor-section-height-default\" data-id=\"a9deafe\" data-element_type=\"section\" data-e-type=\"section\">\n\t\t\t\t\t\t<div class=\"elementor-container elementor-column-gap-default\">\n\t\t\t\t\t<div class=\"elementor-column elementor-col-100 elementor-top-column elementor-element elementor-element-735b749\" data-id=\"735b749\" data-element_type=\"column\" data-e-type=\"column\">\n\t\t\t<div class=\"elementor-widget-wrap elementor-element-populated\">\n\t\t\t\t\t\t<div class=\"elementor-element elementor-element-d05b4d9 elementor-widget elementor-widget-text-editor\" data-id=\"d05b4d9\" data-element_type=\"widget\" data-e-type=\"widget\" data-widget_type=\"text-editor.default\">\n\t\t\t\t<div class=\"elementor-widget-container\">\n\t\t\t\t\t\t\t\t\t<div class=\"x_654478420elementor-element x_654478420elementor-element-ff10102 x_654478420elementor-widget x_654478420elementor-widget-heading\"><div class=\"x_654478420elementor-widget-container\"><h2 class=\"x_654478420elementor-heading-title x_654478420elementor-size-default\">Transparencia<\/h2><\/div><\/div><div class=\"x_654478420elementor-element x_654478420elementor-element-66785cf x_654478420elementor-widget x_654478420elementor-widget-text-editor\"><div class=\"x_654478420elementor-widget-container\"><div class=\"x_654478420elementor-text-editor x_654478420elementor-clearfix\"><h3><b>Portal de transparencia:<\/b><\/h3><p>Este portal se ha creado siguiendo las indicaciones de comisionado de transparencia del Gobierno de Canarias y en cumplimiento con la ley 12\/2014, de 26 de diciembre, de transparencia y de acceso a la informaci\u00f3n p\u00fablica, del Gobierno de Canarias.<br \/>Informaci\u00f3n institucional:<\/p><h3><b>Informaci\u00f3n en materia organizativa:<\/b><\/h3><p>Organigrama de la empresa<\/p><ul><li>Gestor<\/li><li>Recepcionista<\/li><li>Limpiadoras y mantenimiento<\/li><\/ul><div><p>Objeto social<\/p><ul><li>Explotaci\u00f3n tur\u00edstica de apartamentos<\/li><\/ul><\/div><h3><b>Informaci\u00f3n econ\u00f3mica \u2013 financiera:<\/b><\/h3><p>Cuentas Anuales<\/p><ul><li>Balance de situaci\u00f3n\u00a0(<a href=\"https:\/\/marazulplayalanzarote.com\/wp-content\/uploads\/balance_situacion.pdf\" target=\"_blank\" rel=\"noopener\">Ver documento<\/a>)<\/li><li>Cuenta de p\u00e9rdidas y ganancias\u00a0(<a href=\"https:\/\/marazulplayalanzarote.com\/wp-content\/uploads\/cuenta_perdidas_ganancias.pdf\" target=\"_blank\" rel=\"noopener\">Ver documento<\/a>)<\/li><\/ul><div>Informe de auditor\u00eda de cuentas y de fiscalizaci\u00f3n por los \u00f3rganos de control externo<\/div><div><ul><li>No estamos obligadas a ser una comunidad de bienes\u00a0<\/li><\/ul><\/div><h3><b>Informaci\u00f3n de contratos:<\/b><\/h3><p>No existen contratos vigentes con las administraciones p\u00fablicas<\/p><h3><b>Ayudas y subvenciones:<\/b><\/h3><p>Ayuda para paliar los efectos econ\u00f3micos del Covid-19 en peque\u00f1as pymes y empresas.<\/p><p>Administraci\u00f3n concedente:<\/p><ul><li>Consejer\u00eda de Econom\u00eda, conocimiento y empleo<\/li><li>Expediente n\u00ba xxxxxxxxxxxxxxxx (N\u00ba xx de ORDEN)<\/li><\/ul><h3>Resoluci\u00f3n concesi\u00f3n:<\/h3><ul><li>\u00a0Propuesta de resoluci\u00f3n n\u00ba xxxxxx-Tomo x\u2013 Libro xx de fecha x\/xx\/xx por lo que se acuerda la concesi\u00f3n de la l\u00ednea Covid-19 de ayudas directas<\/li><\/ul><h3>Importe:<\/h3><ul><li>111.436,70 \u20ac<\/li><\/ul><h3><b>Enlaces:<\/b><\/h3><p><a href=\"https:\/\/transparenciacanarias.org\/\" target=\"_blank\" rel=\"noopener noreferrer\">Comisionado de transparencia de canarias -&gt;<\/a><br \/><a href=\"https:\/\/www.gobiernodecanarias.org\/libroazul\/pdf\/71248.pdf\" target=\"_blank\" rel=\"noopener noreferrer\">Ley Canaria de transparencia -&gt;<\/a><br \/><a href=\"https:\/\/transparenciacanarias.org\/como-reclamar\/\" target=\"_blank\" rel=\"noopener noreferrer\">Reclamaci\u00f3n ante el comisionado de transparencia de Canarias -&gt;<\/a>\u00a0<\/p><h3><b>Normativa aplicable a la entidad:<\/b><\/h3><p><a href=\"https:\/\/www.gobiernodecanarias.org\/libroazul\/pdf\/71248.pdf\" target=\"_blank\" rel=\"noopener noreferrer\">Ley Canaria de transparencia -&gt;<\/a><\/p><\/div><\/div><\/div>\t\t\t\t\t\t\t\t<\/div>\n\t\t\t\t<\/div>\n\t\t\t\t\t<\/div>\n\t\t<\/div>\n\t\t\t\t\t<\/div>\n\t\t<\/section>\n\t\t\t\t<\/div>\n\t\t","protected":false},"excerpt":{"rendered":"<p>Transparencia Portal de transparencia: Este portal se ha creado siguiendo las indicaciones de comisionado de transparencia del Gobierno de Canarias y en cumplimiento con la ley 12\/2014, de 26 de diciembre, de transparencia y de acceso a la informaci\u00f3n p\u00fablica, del Gobierno de Canarias.Informaci\u00f3n institucional: Informaci\u00f3n en materia organizativa: Organigrama de la empresa Gestor Recepcionista [&hellip;]<\/p>\n","protected":false},"author":1,"featured_media":0,"parent":0,"menu_order":0,"comment_status":"closed","ping_status":"closed","template":"elementor_header_footer","meta":{"footnotes":""},"class_list":["post-2108","page","type-page","status-publish","hentry"],"aioseo_notices":[],"_links":{"self":[{"href":"https:\/\/marazulplayalanzarote.com\/en\/wp-json\/wp\/v2\/pages\/2108","targetHints":{"allow":["GET"]}}],"collection":[{"href":"https:\/\/marazulplayalanzarote.com\/en\/wp-json\/wp\/v2\/pages"}],"about":[{"href":"https:\/\/marazulplayalanzarote.com\/en\/wp-json\/wp\/v2\/types\/page"}],"author":[{"embeddable":true,"href":"https:\/\/marazulplayalanzarote.com\/en\/wp-json\/wp\/v2\/users\/1"}],"replies":[{"embeddable":true,"href":"https:\/\/marazulplayalanzarote.com\/en\/wp-json\/wp\/v2\/comments?post=2108"}],"version-history":[{"count":4,"href":"https:\/\/marazulplayalanzarote.com\/en\/wp-json\/wp\/v2\/pages\/2108\/revisions"}],"predecessor-version":[{"id":2113,"href":"https:\/\/marazulplayalanzarote.com\/en\/wp-json\/wp\/v2\/pages\/2108\/revisions\/2113"}],"wp:attachment":[{"href":"https:\/\/marazulplayalanzarote.com\/en\/wp-json\/wp\/v2\/media?parent=2108"}],"curies":[{"name":"wp","href":"https:\/\/api.w.org\/{rel}","templated":true}]}}